{"id":276,"date":"2022-08-26T18:09:56","date_gmt":"2022-08-26T18:09:56","guid":{"rendered":"http:\/\/189.194.63.14\/plantilla\/?page_id=276"},"modified":"2022-08-29T21:00:55","modified_gmt":"2022-08-29T21:00:55","slug":"prensa","status":"publish","type":"page","link":"https:\/\/sebien.nayarit.gob.mx\/?page_id=276","title":{"rendered":"Prensa"},"content":{"rendered":"\t\t<div data-elementor-type=\"wp-page\" data-elementor-id=\"276\" class=\"elementor elementor-276\" data-elementor-post-type=\"page\">\n\t\t\t\t\t\t<section class=\"elementor-section elementor-top-section elementor-element elementor-element-c1f4568 elementor-section-boxed elementor-section-height-default elementor-section-height-default\" data-id=\"c1f4568\" data-element_type=\"section\">\n\t\t\t\t\t\t<div class=\"elementor-container elementor-column-gap-default\">\n\t\t\t\t\t<div class=\"elementor-column elementor-col-100 elementor-top-column elementor-element elementor-element-f9f3536\" data-id=\"f9f3536\" data-element_type=\"column\">\n\t\t\t<div class=\"elementor-widget-wrap elementor-element-populated\">\n\t\t\t\t\t\t<div class=\"elementor-element elementor-element-f388bf5 elementor-grid-3 elementor-grid-tablet-2 elementor-grid-mobile-1 elementor-posts--thumbnail-top elementor-card-shadow-yes elementor-posts__hover-gradient elementor-widget elementor-widget-posts\" data-id=\"f388bf5\" data-element_type=\"widget\" data-settings=\"{&quot;cards_columns&quot;:&quot;3&quot;,&quot;cards_columns_tablet&quot;:&quot;2&quot;,&quot;cards_columns_mobile&quot;:&quot;1&quot;,&quot;cards_row_gap&quot;:{&quot;unit&quot;:&quot;px&quot;,&quot;size&quot;:35,&quot;sizes&quot;:[]},&quot;cards_row_gap_tablet&quot;:{&quot;unit&quot;:&quot;px&quot;,&quot;size&quot;:&quot;&quot;,&quot;sizes&quot;:[]},&quot;cards_row_gap_mobile&quot;:{&quot;unit&quot;:&quot;px&quot;,&quot;size&quot;:&quot;&quot;,&quot;sizes&quot;:[]}}\" data-widget_type=\"posts.cards\">\n\t\t\t\t<div class=\"elementor-widget-container\">\n\t\t\t\t\t\t\t<div class=\"elementor-posts-container elementor-posts elementor-posts--skin-cards elementor-grid\" role=\"list\">\n\t\t\t\t<article class=\"elementor-post elementor-grid-item post-125 post type-post status-publish format-standard has-post-thumbnail hentry category-noticias\" role=\"listitem\">\n\t\t\t<div class=\"elementor-post__card\">\n\t\t\t\t<a class=\"elementor-post__thumbnail__link\" href=\"https:\/\/sebien.nayarit.gob.mx\/?p=125\" tabindex=\"-1\" ><div class=\"elementor-post__thumbnail\"><img decoding=\"async\" width=\"300\" height=\"139\" src=\"https:\/\/sebien.nayarit.gob.mx\/wp-content\/uploads\/2024\/06\/450452999_859280112899344_8556612157777304575_n-300x139.jpg\" class=\"attachment-medium size-medium wp-image-1941\" alt=\"\" srcset=\"https:\/\/sebien.nayarit.gob.mx\/wp-content\/uploads\/2024\/06\/450452999_859280112899344_8556612157777304575_n-300x139.jpg 300w, https:\/\/sebien.nayarit.gob.mx\/wp-content\/uploads\/2024\/06\/450452999_859280112899344_8556612157777304575_n-1024x473.jpg 1024w, https:\/\/sebien.nayarit.gob.mx\/wp-content\/uploads\/2024\/06\/450452999_859280112899344_8556612157777304575_n-768x355.jpg 768w, https:\/\/sebien.nayarit.gob.mx\/wp-content\/uploads\/2024\/06\/450452999_859280112899344_8556612157777304575_n-1536x709.jpg 1536w, https:\/\/sebien.nayarit.gob.mx\/wp-content\/uploads\/2024\/06\/450452999_859280112899344_8556612157777304575_n.jpg 1600w\" sizes=\"(max-width: 300px) 100vw, 300px\" \/><\/div><\/a>\n\t\t\t\t<div class=\"elementor-post__text\">\n\t\t\t\t<h3 class=\"elementor-post__title\">\n\t\t\t<a href=\"https:\/\/sebien.nayarit.gob.mx\/?p=125\" >\n\t\t\t\t\t\t\t<\/a>\n\t\t<\/h3>\n\t\t\t\t<div class=\"elementor-post__excerpt\">\n\t\t\t<p>Con el compromiso de fortalecer los lazos entre la comunidad educativa y los sectores productivos y sociales de nuestro estado, la secretaria de Bienestar e<\/p>\n\t\t<\/div>\n\t\t\n\t\t<a class=\"elementor-post__read-more\" href=\"https:\/\/sebien.nayarit.gob.mx\/?p=125\" aria-label=\"Read more about \" tabindex=\"-1\" >\n\t\t\tConsultar \u00bb\t\t<\/a>\n\n\t\t\t\t<\/div>\n\t\t\t\t<div class=\"elementor-post__meta-data\">\n\t\t\t\t\t<span class=\"elementor-post-date\">\n\t\t\t10 julio, 2024\t\t<\/span>\n\t\t\t\t<\/div>\n\t\t\t\t\t<\/div>\n\t\t<\/article>\n\t\t\t\t<article class=\"elementor-post elementor-grid-item post-536 post type-post status-publish format-standard has-post-thumbnail hentry category-sin-categoria\" role=\"listitem\">\n\t\t\t<div class=\"elementor-post__card\">\n\t\t\t\t<a class=\"elementor-post__thumbnail__link\" href=\"https:\/\/sebien.nayarit.gob.mx\/?p=536\" tabindex=\"-1\" ><div class=\"elementor-post__thumbnail\"><img fetchpriority=\"high\" decoding=\"async\" width=\"300\" height=\"200\" src=\"https:\/\/sebien.nayarit.gob.mx\/wp-content\/uploads\/2024\/02\/CECATI1-300x200.jpg\" class=\"attachment-medium size-medium wp-image-1850\" alt=\"\" srcset=\"https:\/\/sebien.nayarit.gob.mx\/wp-content\/uploads\/2024\/02\/CECATI1-300x200.jpg 300w, https:\/\/sebien.nayarit.gob.mx\/wp-content\/uploads\/2024\/02\/CECATI1-1024x682.jpg 1024w, https:\/\/sebien.nayarit.gob.mx\/wp-content\/uploads\/2024\/02\/CECATI1-768x512.jpg 768w, https:\/\/sebien.nayarit.gob.mx\/wp-content\/uploads\/2024\/02\/CECATI1-1536x1023.jpg 1536w, https:\/\/sebien.nayarit.gob.mx\/wp-content\/uploads\/2024\/02\/CECATI1.jpg 1600w\" sizes=\"(max-width: 300px) 100vw, 300px\" \/><\/div><\/a>\n\t\t\t\t<div class=\"elementor-post__text\">\n\t\t\t\t<h3 class=\"elementor-post__title\">\n\t\t\t<a href=\"https:\/\/sebien.nayarit.gob.mx\/?p=536\" >\n\t\t\t\t\t\t\t<\/a>\n\t\t<\/h3>\n\t\t\t\t<div class=\"elementor-post__excerpt\">\n\t\t\t<p>\u00a0 \u00a0La secretaria de Bienestar e Igualdad Sustantiva, Olivia Cardona N\u00fa\u00f1ez, en coordinaci\u00f3n con la Secretar\u00eda de Bienestar Federal, presentaron la \u201cConvocatoria del Premio Nacional<\/p>\n\t\t<\/div>\n\t\t\n\t\t<a class=\"elementor-post__read-more\" href=\"https:\/\/sebien.nayarit.gob.mx\/?p=536\" aria-label=\"Read more about \" tabindex=\"-1\" >\n\t\t\tConsultar \u00bb\t\t<\/a>\n\n\t\t\t\t<\/div>\n\t\t\t\t<div class=\"elementor-post__meta-data\">\n\t\t\t\t\t<span class=\"elementor-post-date\">\n\t\t\t21 junio, 2024\t\t<\/span>\n\t\t\t\t<\/div>\n\t\t\t\t\t<\/div>\n\t\t<\/article>\n\t\t\t\t<article class=\"elementor-post elementor-grid-item post-132 post type-post status-publish format-standard has-post-thumbnail hentry category-noticias\" role=\"listitem\">\n\t\t\t<div class=\"elementor-post__card\">\n\t\t\t\t<a class=\"elementor-post__thumbnail__link\" href=\"https:\/\/sebien.nayarit.gob.mx\/?p=132\" tabindex=\"-1\" ><div class=\"elementor-post__thumbnail\"><img decoding=\"async\" width=\"300\" height=\"225\" src=\"https:\/\/sebien.nayarit.gob.mx\/wp-content\/uploads\/2024\/06\/448718236_846877344139621_5243660535860864360_n-300x225.jpg\" class=\"attachment-medium size-medium wp-image-1851\" alt=\"\" srcset=\"https:\/\/sebien.nayarit.gob.mx\/wp-content\/uploads\/2024\/06\/448718236_846877344139621_5243660535860864360_n-300x225.jpg 300w, https:\/\/sebien.nayarit.gob.mx\/wp-content\/uploads\/2024\/06\/448718236_846877344139621_5243660535860864360_n-1024x768.jpg 1024w, https:\/\/sebien.nayarit.gob.mx\/wp-content\/uploads\/2024\/06\/448718236_846877344139621_5243660535860864360_n-768x576.jpg 768w, https:\/\/sebien.nayarit.gob.mx\/wp-content\/uploads\/2024\/06\/448718236_846877344139621_5243660535860864360_n-1536x1152.jpg 1536w, https:\/\/sebien.nayarit.gob.mx\/wp-content\/uploads\/2024\/06\/448718236_846877344139621_5243660535860864360_n.jpg 1600w\" sizes=\"(max-width: 300px) 100vw, 300px\" \/><\/div><\/a>\n\t\t\t\t<div class=\"elementor-post__text\">\n\t\t\t\t<h3 class=\"elementor-post__title\">\n\t\t\t<a href=\"https:\/\/sebien.nayarit.gob.mx\/?p=132\" >\n\t\t\t\t\t\t\t<\/a>\n\t\t<\/h3>\n\t\t\t\t<div class=\"elementor-post__excerpt\">\n\t\t\t<p>La secretaria de Bienestar e Igualdad Sustantiva, Olivia Cardona N\u00fa\u00f1ez, particip\u00f3 en la capacitaci\u00f3n t\u00e9cnica implementada por la Agencia Mexicana de Cooperaci\u00f3n Internacional para el<\/p>\n\t\t<\/div>\n\t\t\n\t\t<a class=\"elementor-post__read-more\" href=\"https:\/\/sebien.nayarit.gob.mx\/?p=132\" aria-label=\"Read more about \" tabindex=\"-1\" >\n\t\t\tConsultar \u00bb\t\t<\/a>\n\n\t\t\t\t<\/div>\n\t\t\t\t<div class=\"elementor-post__meta-data\">\n\t\t\t\t\t<span class=\"elementor-post-date\">\n\t\t\t20 junio, 2024\t\t<\/span>\n\t\t\t\t<\/div>\n\t\t\t\t\t<\/div>\n\t\t<\/article>\n\t\t\t\t<article class=\"elementor-post elementor-grid-item post-135 post type-post status-publish format-standard has-post-thumbnail hentry category-noticias\" role=\"listitem\">\n\t\t\t<div class=\"elementor-post__card\">\n\t\t\t\t<a class=\"elementor-post__thumbnail__link\" href=\"https:\/\/sebien.nayarit.gob.mx\/?p=135\" tabindex=\"-1\" ><div class=\"elementor-post__thumbnail\"><img loading=\"lazy\" decoding=\"async\" width=\"300\" height=\"203\" src=\"https:\/\/sebien.nayarit.gob.mx\/wp-content\/uploads\/2024\/02\/448506133_846875117473177_9081123957321240847_n-300x203.jpg\" class=\"attachment-medium size-medium wp-image-1860\" alt=\"\" srcset=\"https:\/\/sebien.nayarit.gob.mx\/wp-content\/uploads\/2024\/02\/448506133_846875117473177_9081123957321240847_n-300x203.jpg 300w, https:\/\/sebien.nayarit.gob.mx\/wp-content\/uploads\/2024\/02\/448506133_846875117473177_9081123957321240847_n-1024x693.jpg 1024w, https:\/\/sebien.nayarit.gob.mx\/wp-content\/uploads\/2024\/02\/448506133_846875117473177_9081123957321240847_n-768x520.jpg 768w, https:\/\/sebien.nayarit.gob.mx\/wp-content\/uploads\/2024\/02\/448506133_846875117473177_9081123957321240847_n.jpg 1117w\" sizes=\"(max-width: 300px) 100vw, 300px\" \/><\/div><\/a>\n\t\t\t\t<div class=\"elementor-post__text\">\n\t\t\t\t<h3 class=\"elementor-post__title\">\n\t\t\t<a href=\"https:\/\/sebien.nayarit.gob.mx\/?p=135\" >\n\t\t\t\t\t\t\t<\/a>\n\t\t<\/h3>\n\t\t\t\t<div class=\"elementor-post__excerpt\">\n\t\t\t<p>Atendiendo la invitaci\u00f3n de la directora general del ICATEN, Sofia Casta\u00f1eda y con la honorable presencia de la presidenta del DIF Nayarit, doctora, Beatriz Estrada<\/p>\n\t\t<\/div>\n\t\t\n\t\t<a class=\"elementor-post__read-more\" href=\"https:\/\/sebien.nayarit.gob.mx\/?p=135\" aria-label=\"Read more about \" tabindex=\"-1\" >\n\t\t\tConsultar \u00bb\t\t<\/a>\n\n\t\t\t\t<\/div>\n\t\t\t\t<div class=\"elementor-post__meta-data\">\n\t\t\t\t\t<span class=\"elementor-post-date\">\n\t\t\t19 junio, 2024\t\t<\/span>\n\t\t\t\t<\/div>\n\t\t\t\t\t<\/div>\n\t\t<\/article>\n\t\t\t\t<article class=\"elementor-post elementor-grid-item post-138 post type-post status-publish format-standard has-post-thumbnail hentry category-noticias\" role=\"listitem\">\n\t\t\t<div class=\"elementor-post__card\">\n\t\t\t\t<a class=\"elementor-post__thumbnail__link\" href=\"https:\/\/sebien.nayarit.gob.mx\/?p=138\" tabindex=\"-1\" ><div class=\"elementor-post__thumbnail\"><img loading=\"lazy\" decoding=\"async\" width=\"300\" height=\"300\" src=\"https:\/\/sebien.nayarit.gob.mx\/wp-content\/uploads\/2022\/08\/noticias_4.jpg\" class=\"attachment-medium size-medium wp-image-139\" alt=\"\" \/><\/div><\/a>\n\t\t\t\t<div class=\"elementor-post__text\">\n\t\t\t\t<h3 class=\"elementor-post__title\">\n\t\t\t<a href=\"https:\/\/sebien.nayarit.gob.mx\/?p=138\" >\n\t\t\t\tNoticia Cuatro\t\t\t<\/a>\n\t\t<\/h3>\n\t\t\t\t<div class=\"elementor-post__excerpt\">\n\t\t\t<p>El Gobierno del Estado felicita a todas esas mujeres y hombres que a diario con su gran labor ayudan al desarrollo de Nayarit, as\u00ed como<\/p>\n\t\t<\/div>\n\t\t\n\t\t<a class=\"elementor-post__read-more\" href=\"https:\/\/sebien.nayarit.gob.mx\/?p=138\" aria-label=\"Read more about Noticia Cuatro\" tabindex=\"-1\" >\n\t\t\tConsultar \u00bb\t\t<\/a>\n\n\t\t\t\t<\/div>\n\t\t\t\t<div class=\"elementor-post__meta-data\">\n\t\t\t\t\t<span class=\"elementor-post-date\">\n\t\t\t24 agosto, 2022\t\t<\/span>\n\t\t\t\t<\/div>\n\t\t\t\t\t<\/div>\n\t\t<\/article>\n\t\t\t\t<\/div>\n\t\t\n\t\t\t\t\t\t<\/div>\n\t\t\t\t<\/div>\n\t\t\t\t\t<\/div>\n\t\t<\/div>\n\t\t\t\t\t<\/div>\n\t\t<\/section>\n\t\t\t\t<\/div>\n\t\t","protected":false},"excerpt":{"rendered":"","protected":false},"author":1,"featured_media":0,"parent":0,"menu_order":0,"comment_status":"closed","ping_status":"closed","template":"","meta":{"_acf_changed":false,"footnotes":""},"class_list":["post-276","page","type-page","status-publish","hentry"],"acf":false,"_links":{"self":[{"href":"https:\/\/sebien.nayarit.gob.mx\/index.php?rest_route=\/wp\/v2\/pages\/276","targetHints":{"allow":["GET"]}}],"collection":[{"href":"https:\/\/sebien.nayarit.gob.mx\/index.php?rest_route=\/wp\/v2\/pages"}],"about":[{"href":"https:\/\/sebien.nayarit.gob.mx\/index.php?rest_route=\/wp\/v2\/types\/page"}],"author":[{"embeddable":true,"href":"https:\/\/sebien.nayarit.gob.mx\/index.php?rest_route=\/wp\/v2\/users\/1"}],"replies":[{"embeddable":true,"href":"https:\/\/sebien.nayarit.gob.mx\/index.php?rest_route=%2Fwp%2Fv2%2Fcomments&post=276"}],"version-history":[{"count":16,"href":"https:\/\/sebien.nayarit.gob.mx\/index.php?rest_route=\/wp\/v2\/pages\/276\/revisions"}],"predecessor-version":[{"id":345,"href":"https:\/\/sebien.nayarit.gob.mx\/index.php?rest_route=\/wp\/v2\/pages\/276\/revisions\/345"}],"wp:attachment":[{"href":"https:\/\/sebien.nayarit.gob.mx\/index.php?rest_route=%2Fwp%2Fv2%2Fmedia&parent=276"}],"curies":[{"name":"wp","href":"https:\/\/api.w.org\/{rel}","templated":true}]}}